{"id":95,"date":"2025-10-24T16:33:28","date_gmt":"2025-10-24T16:33:28","guid":{"rendered":"https:\/\/livraisonpharmatanger.com\/about-us\/"},"modified":"2025-10-24T18:29:52","modified_gmt":"2025-10-24T18:29:52","slug":"about-us","status":"publish","type":"page","link":"https:\/\/livraisonpharmatanger.com\/home\/about-us\/","title":{"rendered":"\u00c0 propos"},"content":{"rendered":"\t\t<div data-elementor-type=\"wp-page\" data-elementor-id=\"95\" class=\"elementor elementor-95\" data-elementor-post-type=\"page\">\n\t\t\t\t\t\t<section class=\"elementor-section elementor-top-section elementor-element elementor-element-198f73a elementor-section-full_width elementor-section-content-middle elementor-section-height-default elementor-section-height-default\" data-id=\"198f73a\" data-element_type=\"section\" data-settings=\"{&quot;background_background&quot;:&quot;classic&quot;}\">\n\t\t\t\t\t\t<div class=\"elementor-container elementor-column-gap-no\">\n\t\t\t\t\t<div class=\"elementor-column elementor-col-100 elementor-top-column elementor-element elementor-element-4954396\" data-id=\"4954396\" data-element_type=\"column\">\n\t\t\t<div class=\"elementor-widget-wrap elementor-element-populated\">\n\t\t\t\t\t\t<div class=\"elementor-element elementor-element-333edc7 elementor-widget__width-initial elementor-widget-tablet__width-initial elementor-absolute elementor-invisible elementor-widget elementor-widget-image\" data-id=\"333edc7\" data-element_type=\"widget\" data-settings=\"{&quot;_position&quot;:&quot;absolute&quot;,&quot;_animation&quot;:&quot;zoomIn&quot;}\" data-widget_type=\"image.default\">\n\t\t\t\t<div class=\"elementor-widget-container\">\n\t\t\t\t\t\t\t\t\t\t\t\t\t\t\t<img fetchpriority=\"high\" decoding=\"async\" width=\"513\" height=\"513\" src=\"https:\/\/livraisonpharmatanger.com\/wp-content\/uploads\/2024\/03\/b2d4aeb5-obj-bg.png\" class=\"attachment-full size-full wp-image-34\" alt=\"\" srcset=\"https:\/\/livraisonpharmatanger.com\/wp-content\/uploads\/2024\/03\/b2d4aeb5-obj-bg.png 513w, https:\/\/livraisonpharmatanger.com\/wp-content\/uploads\/2024\/03\/b2d4aeb5-obj-bg-300x300.png 300w, https:\/\/livraisonpharmatanger.com\/wp-content\/uploads\/2024\/03\/b2d4aeb5-obj-bg-150x150.png 150w\" sizes=\"(max-width: 513px) 100vw, 513px\" \/>\t\t\t\t\t\t\t\t\t\t\t\t\t\t\t<\/div>\n\t\t\t\t<\/div>\n\t\t\t\t<div class=\"elementor-element elementor-element-85cbeca elementor-absolute elementor-invisible elementor-widget elementor-widget-image\" data-id=\"85cbeca\" data-element_type=\"widget\" data-settings=\"{&quot;_animation&quot;:&quot;fadeInDown&quot;,&quot;_position&quot;:&quot;absolute&quot;}\" data-widget_type=\"image.default\">\n\t\t\t\t<div class=\"elementor-widget-container\">\n\t\t\t\t\t\t\t\t\t\t\t\t\t\t\t<img decoding=\"async\" width=\"596\" height=\"236\" src=\"https:\/\/livraisonpharmatanger.com\/wp-content\/uploads\/2024\/03\/728b4281-banner-png.png\" class=\"attachment-full size-full wp-image-35\" alt=\"\" srcset=\"https:\/\/livraisonpharmatanger.com\/wp-content\/uploads\/2024\/03\/728b4281-banner-png.png 596w, https:\/\/livraisonpharmatanger.com\/wp-content\/uploads\/2024\/03\/728b4281-banner-png-300x119.png 300w\" sizes=\"(max-width: 596px) 100vw, 596px\" \/>\t\t\t\t\t\t\t\t\t\t\t\t\t\t\t<\/div>\n\t\t\t\t<\/div>\n\t\t\t\t<section class=\"elementor-section elementor-inner-section elementor-element elementor-element-f199157 elementor-section-boxed elementor-section-height-default elementor-section-height-default\" data-id=\"f199157\" data-element_type=\"section\">\n\t\t\t\t\t\t<div class=\"elementor-container elementor-column-gap-no\">\n\t\t\t\t\t<div class=\"elementor-column elementor-col-100 elementor-inner-column elementor-element elementor-element-56bd6b5\" data-id=\"56bd6b5\" data-element_type=\"column\">\n\t\t\t<div class=\"elementor-widget-wrap elementor-element-populated\">\n\t\t\t\t\t\t<div class=\"elementor-element elementor-element-abadc0c elementor-widget elementor-widget-heading\" data-id=\"abadc0c\" data-element_type=\"widget\" data-widget_type=\"heading.default\">\n\t\t\t\t<div class=\"elementor-widget-container\">\n\t\t\t\t\t<h2 class=\"elementor-heading-title elementor-size-default\">\u00c0 propos de Livraison Pharma Tanger<\/h2>\t\t\t\t<\/div>\n\t\t\t\t<\/div>\n\t\t\t\t\t<\/div>\n\t\t<\/div>\n\t\t\t\t\t<\/div>\n\t\t<\/section>\n\t\t\t\t\t<\/div>\n\t\t<\/div>\n\t\t\t\t\t<\/div>\n\t\t<\/section>\n\t\t\t\t<section class=\"elementor-section elementor-top-section elementor-element elementor-element-44d8b1e elementor-section-boxed elementor-section-height-default elementor-section-height-default\" data-id=\"44d8b1e\" data-element_type=\"section\">\n\t\t\t\t\t\t<div class=\"elementor-container elementor-column-gap-no\">\n\t\t\t\t\t<div class=\"elementor-column elementor-col-100 elementor-top-column elementor-element elementor-element-1cb981d\" data-id=\"1cb981d\" data-element_type=\"column\">\n\t\t\t<div class=\"elementor-widget-wrap elementor-element-populated\">\n\t\t\t\t\t\t<section class=\"elementor-section elementor-inner-section elementor-element elementor-element-91c2a79 elementor-section-boxed elementor-section-height-default elementor-section-height-default elementor-invisible\" data-id=\"91c2a79\" data-element_type=\"section\" data-settings=\"{&quot;animation&quot;:&quot;fadeInUp&quot;,&quot;animation_tablet&quot;:&quot;fadeInUp&quot;}\">\n\t\t\t\t\t\t<div class=\"elementor-container elementor-column-gap-no\">\n\t\t\t\t\t<div class=\"elementor-column elementor-col-100 elementor-inner-column elementor-element elementor-element-368d397\" data-id=\"368d397\" data-element_type=\"column\">\n\t\t\t<div class=\"elementor-widget-wrap elementor-element-populated\">\n\t\t\t\t\t\t<div class=\"elementor-element elementor-element-55731be elementor-widget elementor-widget-heading\" data-id=\"55731be\" data-element_type=\"widget\" data-widget_type=\"heading.default\">\n\t\t\t\t<div class=\"elementor-widget-container\">\n\t\t\t\t\t<h2 class=\"elementor-heading-title elementor-size-default\">Notre mission : Chez Livraison Pharma Tanger, notre mission est simple, rendre les m\u00e9dicaments accessibles rapidement et en toute s\u00e9curit\u00e9, que ce soit pour les particuliers ou les professionnels de sant\u00e9. Nous mettons la technologie et notre r\u00e9seau de pharmacies partenaires au service de votre sant\u00e9, pour que chaque commande soit livr\u00e9e \u00e0 temps, discr\u00e8tement et en toute confiance.<\/h2>\t\t\t\t<\/div>\n\t\t\t\t<\/div>\n\t\t\t\t\t<\/div>\n\t\t<\/div>\n\t\t\t\t\t<\/div>\n\t\t<\/section>\n\t\t\t\t<section class=\"elementor-section elementor-inner-section elementor-element elementor-element-3174e77 elementor-section-boxed elementor-section-height-default elementor-section-height-default elementor-invisible\" data-id=\"3174e77\" data-element_type=\"section\" data-settings=\"{&quot;animation&quot;:&quot;fadeInUp&quot;,&quot;animation_tablet&quot;:&quot;fadeInUp&quot;}\">\n\t\t\t\t\t\t<div class=\"elementor-container elementor-column-gap-no\">\n\t\t\t\t\t<div class=\"elementor-column elementor-col-100 elementor-inner-column elementor-element elementor-element-21f6059\" data-id=\"21f6059\" data-element_type=\"column\">\n\t\t\t<div class=\"elementor-widget-wrap elementor-element-populated\">\n\t\t\t\t\t\t<div class=\"elementor-element elementor-element-2d3ad96 elementor-widget elementor-widget-image\" data-id=\"2d3ad96\" data-element_type=\"widget\" data-widget_type=\"image.default\">\n\t\t\t\t<div class=\"elementor-widget-container\">\n\t\t\t\t\t\t\t\t\t\t\t\t\t\t\t<img decoding=\"async\" width=\"1170\" height=\"500\" src=\"https:\/\/livraisonpharmatanger.com\/wp-content\/uploads\/2024\/03\/e54a7681-image_.jpg\" class=\"attachment-full size-full wp-image-45\" alt=\"\" srcset=\"https:\/\/livraisonpharmatanger.com\/wp-content\/uploads\/2024\/03\/e54a7681-image_.jpg 1170w, https:\/\/livraisonpharmatanger.com\/wp-content\/uploads\/2024\/03\/e54a7681-image_-300x128.jpg 300w, https:\/\/livraisonpharmatanger.com\/wp-content\/uploads\/2024\/03\/e54a7681-image_-1024x438.jpg 1024w, https:\/\/livraisonpharmatanger.com\/wp-content\/uploads\/2024\/03\/e54a7681-image_-768x328.jpg 768w\" sizes=\"(max-width: 1170px) 100vw, 1170px\" \/>\t\t\t\t\t\t\t\t\t\t\t\t\t\t\t<\/div>\n\t\t\t\t<\/div>\n\t\t\t\t<div class=\"elementor-element elementor-element-dda72e5 elementor-widget elementor-widget-text-editor\" data-id=\"dda72e5\" data-element_type=\"widget\" data-widget_type=\"text-editor.default\">\n\t\t\t\t<div class=\"elementor-widget-container\">\n\t\t\t\t\t\t\t\t\t<h3 data-start=\"731\" data-end=\"758\"><strong data-start=\"735\" data-end=\"756\">Qui sommes-nous ?<\/strong><\/h3><p data-start=\"759\" data-end=\"1171\">Fond\u00e9e \u00e0 Tanger, <strong data-start=\"776\" data-end=\"803\">Livraison Pharma Tanger<\/strong> est une entreprise sp\u00e9cialis\u00e9e dans la <strong data-start=\"843\" data-end=\"900\">livraison express de m\u00e9dicaments et produits de sant\u00e9<\/strong>. Nous travaillons en \u00e9troite collaboration avec des pharmacies certifi\u00e9es et des cliniques locales pour garantir <strong data-start=\"1014\" data-end=\"1067\">qualit\u00e9, authenticit\u00e9 et conformit\u00e9 r\u00e9glementaire<\/strong>. Que vous soyez un particulier ou un \u00e9tablissement m\u00e9dical, nous adaptons nos services \u00e0 vos besoins.<\/p>\t\t\t\t\t\t\t\t<\/div>\n\t\t\t\t<\/div>\n\t\t\t\t\t<\/div>\n\t\t<\/div>\n\t\t\t\t\t<\/div>\n\t\t<\/section>\n\t\t\t\t<section class=\"elementor-section elementor-inner-section elementor-element elementor-element-425b271 elementor-section-boxed elementor-section-height-default elementor-section-height-default elementor-invisible\" data-id=\"425b271\" data-element_type=\"section\" data-settings=\"{&quot;animation_tablet&quot;:&quot;fadeInUp&quot;,&quot;animation&quot;:&quot;fadeInUp&quot;}\">\n\t\t\t\t\t\t<div class=\"elementor-container elementor-column-gap-no\">\n\t\t\t\t\t<div class=\"elementor-column elementor-col-100 elementor-inner-column elementor-element elementor-element-d938b2c\" data-id=\"d938b2c\" data-element_type=\"column\">\n\t\t\t<div class=\"elementor-widget-wrap elementor-element-populated\">\n\t\t\t\t\t\t<div class=\"elementor-element elementor-element-befd659 elementor-widget elementor-widget-text-editor\" data-id=\"befd659\" data-element_type=\"widget\" data-widget_type=\"text-editor.default\">\n\t\t\t\t<div class=\"elementor-widget-container\">\n\t\t\t\t\t\t\t\t\t<h3 data-start=\"1178\" data-end=\"1199\"><strong data-start=\"1182\" data-end=\"1197\">Nos valeurs<\/strong><\/h3><ul data-start=\"1200\" data-end=\"1632\"><li data-start=\"1200\" data-end=\"1290\"><p data-start=\"1202\" data-end=\"1290\"><strong data-start=\"1202\" data-end=\"1214\">Rapidit\u00e9<\/strong> : nous nous engageons \u00e0 livrer vos m\u00e9dicaments dans les meilleurs d\u00e9lais.<\/p><\/li><li data-start=\"1291\" data-end=\"1392\"><p data-start=\"1293\" data-end=\"1392\"><strong data-start=\"1293\" data-end=\"1306\">Fiabilit\u00e9<\/strong> : chaque commande est trac\u00e9e et s\u00e9curis\u00e9e pour vous offrir la meilleure exp\u00e9rience.<\/p><\/li><li data-start=\"1393\" data-end=\"1500\"><p data-start=\"1395\" data-end=\"1500\"><strong data-start=\"1395\" data-end=\"1414\">Confidentialit\u00e9<\/strong> : vos informations personnelles et m\u00e9dicales sont trait\u00e9es avec le plus grand soin.<\/p><\/li><li data-start=\"1501\" data-end=\"1632\"><p data-start=\"1503\" data-end=\"1632\"><strong data-start=\"1503\" data-end=\"1520\">Accessibilit\u00e9<\/strong> : nous simplifions la commande et la livraison de m\u00e9dicaments, m\u00eame pour les zones urbaines et p\u00e9riph\u00e9riques.<\/p><\/li><\/ul>\t\t\t\t\t\t\t\t<\/div>\n\t\t\t\t<\/div>\n\t\t\t\t\t<\/div>\n\t\t<\/div>\n\t\t\t\t\t<\/div>\n\t\t<\/section>\n\t\t\t\t\t<\/div>\n\t\t<\/div>\n\t\t\t\t\t<\/div>\n\t\t<\/section>\n\t\t\t\t<section class=\"elementor-section elementor-top-section elementor-element elementor-element-df4e7f2 elementor-section-boxed elementor-section-height-default elementor-section-height-default\" data-id=\"df4e7f2\" data-element_type=\"section\">\n\t\t\t\t\t\t<div class=\"elementor-container elementor-column-gap-no\">\n\t\t\t\t\t<div class=\"elementor-column elementor-col-100 elementor-top-column elementor-element elementor-element-b330014\" data-id=\"b330014\" data-element_type=\"column\">\n\t\t\t<div class=\"elementor-widget-wrap elementor-element-populated\">\n\t\t\t\t\t\t<section class=\"elementor-section elementor-inner-section elementor-element elementor-element-89bc4bc elementor-section-boxed elementor-section-height-default elementor-section-height-default elementor-invisible\" data-id=\"89bc4bc\" data-element_type=\"section\" data-settings=\"{&quot;animation&quot;:&quot;fadeInUp&quot;}\">\n\t\t\t\t\t\t<div class=\"elementor-container elementor-column-gap-no\">\n\t\t\t\t\t<div class=\"elementor-column elementor-col-100 elementor-inner-column elementor-element elementor-element-f910ad8\" data-id=\"f910ad8\" data-element_type=\"column\">\n\t\t\t<div class=\"elementor-widget-wrap elementor-element-populated\">\n\t\t\t\t\t\t<div class=\"elementor-element elementor-element-c67d3b6 elementor-widget elementor-widget-heading\" data-id=\"c67d3b6\" data-element_type=\"widget\" data-widget_type=\"heading.default\">\n\t\t\t\t<div class=\"elementor-widget-container\">\n\t\t\t\t\t<h2 class=\"elementor-heading-title elementor-size-default\">Notre engagement envers les clients B2B et B2C<\/h2>\t\t\t\t<\/div>\n\t\t\t\t<\/div>\n\t\t\t\t<div class=\"elementor-element elementor-element-167daa5 elementor-widget elementor-widget-text-editor\" data-id=\"167daa5\" data-element_type=\"widget\" data-widget_type=\"text-editor.default\">\n\t\t\t\t<div class=\"elementor-widget-container\">\n\t\t\t\t\t\t\t\t\t<p data-start=\"1696\" data-end=\"1953\">Pour les <strong data-start=\"1705\" data-end=\"1738\">professionnels de sant\u00e9 (B2B)<\/strong> : nous proposons des solutions adapt\u00e9es aux pharmacies, h\u00f4pitaux et cliniques pour la gestion des stocks, la livraison rapide et s\u00e9curis\u00e9e de commandes en gros, et un suivi d\u00e9di\u00e9 pour chaque client professionnel.<\/p><p data-start=\"1955\" data-end=\"2152\">Pour les <strong data-start=\"1964\" data-end=\"1986\">particuliers (B2C)<\/strong> : nous offrons un service pratique pour commander vos m\u00e9dicaments depuis chez vous, avec <strong data-start=\"2076\" data-end=\"2100\">livraison \u00e0 domicile<\/strong>, suivi en temps r\u00e9el et assistance personnalis\u00e9e.<\/p>\t\t\t\t\t\t\t\t<\/div>\n\t\t\t\t<\/div>\n\t\t\t\t\t<\/div>\n\t\t<\/div>\n\t\t\t\t\t<\/div>\n\t\t<\/section>\n\t\t\t\t<section class=\"elementor-section elementor-inner-section elementor-element elementor-element-9f77c49 elementor-section-full_width elementor-section-height-default elementor-section-height-default elementor-invisible\" data-id=\"9f77c49\" data-element_type=\"section\" data-settings=\"{&quot;animation&quot;:&quot;fadeInUp&quot;}\">\n\t\t\t\t\t\t<div class=\"elementor-container elementor-column-gap-no\">\n\t\t\t\t\t<div class=\"elementor-column elementor-col-100 elementor-inner-column elementor-element elementor-element-7a8f17e\" data-id=\"7a8f17e\" data-element_type=\"column\">\n\t\t\t<div class=\"elementor-widget-wrap elementor-element-populated\">\n\t\t\t\t\t\t<div class=\"elementor-element elementor-element-1ece968 elementor-widget__width-initial elementor-widget-tablet__width-initial elementor-absolute elementor-widget elementor-widget-image\" data-id=\"1ece968\" data-element_type=\"widget\" data-settings=\"{&quot;_position&quot;:&quot;absolute&quot;}\" data-widget_type=\"image.default\">\n\t\t\t\t<div class=\"elementor-widget-container\">\n\t\t\t\t\t\t\t\t\t\t\t\t\t\t\t<img loading=\"lazy\" decoding=\"async\" width=\"513\" height=\"513\" src=\"https:\/\/livraisonpharmatanger.com\/wp-content\/uploads\/2024\/03\/f942fb33-obj-bg-3.png\" class=\"attachment-full size-full wp-image-44\" alt=\"\" srcset=\"https:\/\/livraisonpharmatanger.com\/wp-content\/uploads\/2024\/03\/f942fb33-obj-bg-3.png 513w, https:\/\/livraisonpharmatanger.com\/wp-content\/uploads\/2024\/03\/f942fb33-obj-bg-3-300x300.png 300w, https:\/\/livraisonpharmatanger.com\/wp-content\/uploads\/2024\/03\/f942fb33-obj-bg-3-150x150.png 150w\" sizes=\"(max-width: 513px) 100vw, 513px\" \/>\t\t\t\t\t\t\t\t\t\t\t\t\t\t\t<\/div>\n\t\t\t\t<\/div>\n\t\t\t\t\t<\/div>\n\t\t<\/div>\n\t\t\t\t\t<\/div>\n\t\t<\/section>\n\t\t\t\t\t<\/div>\n\t\t<\/div>\n\t\t\t\t\t<\/div>\n\t\t<\/section>\n\t\t\t\t<section class=\"elementor-section elementor-top-section elementor-element elementor-element-704c264 elementor-section-full_width elementor-section-content-middle elementor-section-height-default elementor-section-height-default\" data-id=\"704c264\" data-element_type=\"section\">\n\t\t\t\t\t\t<div class=\"elementor-container elementor-column-gap-no\">\n\t\t\t\t\t<div class=\"elementor-column elementor-col-50 elementor-top-column elementor-element elementor-element-4451f52 elementor-invisible\" data-id=\"4451f52\" data-element_type=\"column\" data-settings=\"{&quot;animation&quot;:&quot;fadeInLeft&quot;}\">\n\t\t\t<div class=\"elementor-widget-wrap elementor-element-populated\">\n\t\t\t\t\t\t<div class=\"elementor-element elementor-element-ee42287 elementor-widget elementor-widget-image\" data-id=\"ee42287\" data-element_type=\"widget\" data-widget_type=\"image.default\">\n\t\t\t\t<div class=\"elementor-widget-container\">\n\t\t\t\t\t\t\t\t\t\t\t\t\t\t\t<img loading=\"lazy\" decoding=\"async\" width=\"923\" height=\"700\" src=\"https:\/\/livraisonpharmatanger.com\/wp-content\/uploads\/2024\/03\/9693b306-group-2.png\" class=\"attachment-full size-full wp-image-54\" alt=\"\" srcset=\"https:\/\/livraisonpharmatanger.com\/wp-content\/uploads\/2024\/03\/9693b306-group-2.png 923w, https:\/\/livraisonpharmatanger.com\/wp-content\/uploads\/2024\/03\/9693b306-group-2-300x228.png 300w, https:\/\/livraisonpharmatanger.com\/wp-content\/uploads\/2024\/03\/9693b306-group-2-768x582.png 768w\" sizes=\"(max-width: 923px) 100vw, 923px\" \/>\t\t\t\t\t\t\t\t\t\t\t\t\t\t\t<\/div>\n\t\t\t\t<\/div>\n\t\t\t\t\t<\/div>\n\t\t<\/div>\n\t\t\t\t<div class=\"elementor-column elementor-col-50 elementor-top-column elementor-element elementor-element-f713958 elementor-invisible\" data-id=\"f713958\" data-element_type=\"column\" data-settings=\"{&quot;animation&quot;:&quot;fadeInRight&quot;}\">\n\t\t\t<div class=\"elementor-widget-wrap elementor-element-populated\">\n\t\t\t\t\t\t<div class=\"elementor-element elementor-element-3e6e7b1 elementor-widget__width-initial elementor-widget-tablet__width-inherit elementor-widget elementor-widget-heading\" data-id=\"3e6e7b1\" data-element_type=\"widget\" data-widget_type=\"heading.default\">\n\t\t\t\t<div class=\"elementor-widget-container\">\n\t\t\t\t\t<h2 class=\"elementor-heading-title elementor-size-default\">Pourquoi nous choisir ?<\/h2>\t\t\t\t<\/div>\n\t\t\t\t<\/div>\n\t\t\t\t<div class=\"elementor-element elementor-element-af447d3 elementor-widget elementor-widget-text-editor\" data-id=\"af447d3\" data-element_type=\"widget\" data-widget_type=\"text-editor.default\">\n\t\t\t\t<div class=\"elementor-widget-container\">\n\t\t\t\t\t\t\t\t\t<p data-start=\"2193\" data-end=\"2462\"><strong data-start=\"2193\" data-end=\"2220\">Livraison Pharma Tanger<\/strong> allie <strong data-start=\"2227\" data-end=\"2289\">expertise pharmaceutique, rapidit\u00e9 et service client d\u00e9di\u00e9<\/strong> pour garantir que chaque commande soit trait\u00e9e avec s\u00e9rieux. Nous vous accompagnons \u00e0 chaque \u00e9tape : de la commande \u00e0 la livraison, en passant par le support et le suivi.<\/p>\t\t\t\t\t\t\t\t<\/div>\n\t\t\t\t<\/div>\n\t\t\t\t<div class=\"elementor-element elementor-element-42d3324 elementor-widget elementor-widget-spacer\" data-id=\"42d3324\" data-element_type=\"widget\" data-widget_type=\"spacer.default\">\n\t\t\t\t<div class=\"elementor-widget-container\">\n\t\t\t\t\t\t\t<div class=\"elementor-spacer\">\n\t\t\t<div class=\"elementor-spacer-inner\"><\/div>\n\t\t<\/div>\n\t\t\t\t\t\t<\/div>\n\t\t\t\t<\/div>\n\t\t\t\t\t<\/div>\n\t\t<\/div>\n\t\t\t\t\t<\/div>\n\t\t<\/section>\n\t\t\t\t<\/div>\n\t\t","protected":false},"excerpt":{"rendered":"<p>\u00c0 propos de Livraison Pharma Tanger Notre mission : Chez Livraison Pharma Tanger, notre mission est simple, rendre les m\u00e9dicaments accessibles rapidement et en toute s\u00e9curit\u00e9, que ce soit pour les particuliers ou les professionnels de sant\u00e9. Nous mettons la technologie et notre r\u00e9seau de pharmacies partenaires au service de votre sant\u00e9, pour que chaque [&hellip;]<\/p>\n","protected":false},"author":1,"featured_media":0,"parent":0,"menu_order":0,"comment_status":"closed","ping_status":"closed","template":"elementor_header_footer","meta":{"footnotes":""},"class_list":["post-95","page","type-page","status-publish","hentry"],"_hostinger_reach_plugin_has_subscription_block":false,"_hostinger_reach_plugin_is_elementor":false,"_links":{"self":[{"href":"https:\/\/livraisonpharmatanger.com\/home\/wp-json\/wp\/v2\/pages\/95","targetHints":{"allow":["GET"]}}],"collection":[{"href":"https:\/\/livraisonpharmatanger.com\/home\/wp-json\/wp\/v2\/pages"}],"about":[{"href":"https:\/\/livraisonpharmatanger.com\/home\/wp-json\/wp\/v2\/types\/page"}],"author":[{"embeddable":true,"href":"https:\/\/livraisonpharmatanger.com\/home\/wp-json\/wp\/v2\/users\/1"}],"replies":[{"embeddable":true,"href":"https:\/\/livraisonpharmatanger.com\/home\/wp-json\/wp\/v2\/comments?post=95"}],"version-history":[{"count":6,"href":"https:\/\/livraisonpharmatanger.com\/home\/wp-json\/wp\/v2\/pages\/95\/revisions"}],"predecessor-version":[{"id":207,"href":"https:\/\/livraisonpharmatanger.com\/home\/wp-json\/wp\/v2\/pages\/95\/revisions\/207"}],"wp:attachment":[{"href":"https:\/\/livraisonpharmatanger.com\/home\/wp-json\/wp\/v2\/media?parent=95"}],"curies":[{"name":"wp","href":"https:\/\/api.w.org\/{rel}","templated":true}]}}