{"id":98,"date":"2025-10-24T16:33:29","date_gmt":"2025-10-24T16:33:29","guid":{"rendered":"https:\/\/livraisonpharmatanger.com\/services\/"},"modified":"2025-10-24T18:34:57","modified_gmt":"2025-10-24T18:34:57","slug":"services","status":"publish","type":"page","link":"https:\/\/livraisonpharmatanger.com\/home\/services\/","title":{"rendered":"Nos Services"},"content":{"rendered":"\t\t<div data-elementor-type=\"wp-page\" data-elementor-id=\"98\" class=\"elementor elementor-98\" data-elementor-post-type=\"page\">\n\t\t\t\t\t\t<section class=\"elementor-section elementor-top-section elementor-element elementor-element-5213c48 elementor-section-full_width elementor-section-content-middle elementor-section-height-default elementor-section-height-default\" data-id=\"5213c48\" data-element_type=\"section\" data-settings=\"{&quot;background_background&quot;:&quot;classic&quot;}\">\n\t\t\t\t\t\t<div class=\"elementor-container elementor-column-gap-no\">\n\t\t\t\t\t<div class=\"elementor-column elementor-col-100 elementor-top-column elementor-element elementor-element-7663689\" data-id=\"7663689\" data-element_type=\"column\">\n\t\t\t<div class=\"elementor-widget-wrap elementor-element-populated\">\n\t\t\t\t\t\t<div class=\"elementor-element elementor-element-94c5736 elementor-widget__width-initial elementor-widget-tablet__width-initial elementor-absolute elementor-invisible elementor-widget elementor-widget-image\" data-id=\"94c5736\" data-element_type=\"widget\" data-settings=\"{&quot;_position&quot;:&quot;absolute&quot;,&quot;_animation&quot;:&quot;zoomIn&quot;}\" data-widget_type=\"image.default\">\n\t\t\t\t<div class=\"elementor-widget-container\">\n\t\t\t\t\t\t\t\t\t\t\t\t\t\t\t<img fetchpriority=\"high\" decoding=\"async\" width=\"513\" height=\"513\" src=\"https:\/\/livraisonpharmatanger.com\/wp-content\/uploads\/2024\/03\/b2d4aeb5-obj-bg.png\" class=\"attachment-full size-full wp-image-34\" alt=\"\" srcset=\"https:\/\/livraisonpharmatanger.com\/wp-content\/uploads\/2024\/03\/b2d4aeb5-obj-bg.png 513w, https:\/\/livraisonpharmatanger.com\/wp-content\/uploads\/2024\/03\/b2d4aeb5-obj-bg-300x300.png 300w, https:\/\/livraisonpharmatanger.com\/wp-content\/uploads\/2024\/03\/b2d4aeb5-obj-bg-150x150.png 150w\" sizes=\"(max-width: 513px) 100vw, 513px\" \/>\t\t\t\t\t\t\t\t\t\t\t\t\t\t\t<\/div>\n\t\t\t\t<\/div>\n\t\t\t\t<div class=\"elementor-element elementor-element-4016dd4 elementor-absolute elementor-invisible elementor-widget elementor-widget-image\" data-id=\"4016dd4\" data-element_type=\"widget\" data-settings=\"{&quot;_animation&quot;:&quot;fadeInDown&quot;,&quot;_position&quot;:&quot;absolute&quot;}\" data-widget_type=\"image.default\">\n\t\t\t\t<div class=\"elementor-widget-container\">\n\t\t\t\t\t\t\t\t\t\t\t\t\t\t\t<img decoding=\"async\" width=\"596\" height=\"236\" src=\"https:\/\/livraisonpharmatanger.com\/wp-content\/uploads\/2024\/03\/728b4281-banner-png.png\" class=\"attachment-full size-full wp-image-35\" alt=\"\" srcset=\"https:\/\/livraisonpharmatanger.com\/wp-content\/uploads\/2024\/03\/728b4281-banner-png.png 596w, https:\/\/livraisonpharmatanger.com\/wp-content\/uploads\/2024\/03\/728b4281-banner-png-300x119.png 300w\" sizes=\"(max-width: 596px) 100vw, 596px\" \/>\t\t\t\t\t\t\t\t\t\t\t\t\t\t\t<\/div>\n\t\t\t\t<\/div>\n\t\t\t\t<section class=\"elementor-section elementor-inner-section elementor-element elementor-element-da6c721 elementor-section-boxed elementor-section-height-default elementor-section-height-default\" data-id=\"da6c721\" data-element_type=\"section\">\n\t\t\t\t\t\t<div class=\"elementor-container elementor-column-gap-no\">\n\t\t\t\t\t<div class=\"elementor-column elementor-col-100 elementor-inner-column elementor-element elementor-element-28b9396\" data-id=\"28b9396\" data-element_type=\"column\">\n\t\t\t<div class=\"elementor-widget-wrap elementor-element-populated\">\n\t\t\t\t\t\t<div class=\"elementor-element elementor-element-da297e5 elementor-widget elementor-widget-heading\" data-id=\"da297e5\" data-element_type=\"widget\" data-widget_type=\"heading.default\">\n\t\t\t\t<div class=\"elementor-widget-container\">\n\t\t\t\t\t<h2 class=\"elementor-heading-title elementor-size-default\">Our Services<\/h2>\t\t\t\t<\/div>\n\t\t\t\t<\/div>\n\t\t\t\t\t<\/div>\n\t\t<\/div>\n\t\t\t\t\t<\/div>\n\t\t<\/section>\n\t\t\t\t\t<\/div>\n\t\t<\/div>\n\t\t\t\t\t<\/div>\n\t\t<\/section>\n\t\t\t\t<section class=\"elementor-section elementor-top-section elementor-element elementor-element-2a46767 elementor-section-full_width elementor-section-content-middle elementor-section-height-default elementor-section-height-default\" data-id=\"2a46767\" data-element_type=\"section\" data-settings=\"{&quot;background_background&quot;:&quot;classic&quot;}\">\n\t\t\t\t\t\t<div class=\"elementor-container elementor-column-gap-no\">\n\t\t\t\t\t<div class=\"elementor-column elementor-col-50 elementor-top-column elementor-element elementor-element-49fb071 elementor-invisible\" data-id=\"49fb071\" data-element_type=\"column\" data-settings=\"{&quot;animation&quot;:&quot;fadeInLeft&quot;}\">\n\t\t\t<div class=\"elementor-widget-wrap elementor-element-populated\">\n\t\t\t\t\t\t<div class=\"elementor-element elementor-element-b64b571 elementor-widget__width-initial elementor-widget elementor-widget-heading\" data-id=\"b64b571\" data-element_type=\"widget\" data-widget_type=\"heading.default\">\n\t\t\t\t<div class=\"elementor-widget-container\">\n\t\t\t\t\t<h2 class=\"elementor-heading-title elementor-size-default\">Nos Services \u2013 Livraison Pharma Tanger<\/h2>\t\t\t\t<\/div>\n\t\t\t\t<\/div>\n\t\t\t\t<div class=\"elementor-element elementor-element-3583a39 elementor-widget elementor-widget-spacer\" data-id=\"3583a39\" data-element_type=\"widget\" data-widget_type=\"spacer.default\">\n\t\t\t\t<div class=\"elementor-widget-container\">\n\t\t\t\t\t\t\t<div class=\"elementor-spacer\">\n\t\t\t<div class=\"elementor-spacer-inner\"><\/div>\n\t\t<\/div>\n\t\t\t\t\t\t<\/div>\n\t\t\t\t<\/div>\n\t\t\t\t<div class=\"elementor-element elementor-element-c278a70 elementor-widget__width-initial elementor-widget elementor-widget-text-editor\" data-id=\"c278a70\" data-element_type=\"widget\" data-widget_type=\"text-editor.default\">\n\t\t\t\t<div class=\"elementor-widget-container\">\n\t\t\t\t\t\t\t\t\t<h3 data-start=\"216\" data-end=\"236\"><strong data-start=\"220\" data-end=\"236\">Introduction<\/strong><\/h3><p data-start=\"237\" data-end=\"527\">Chez <strong data-start=\"242\" data-end=\"269\">Livraison Pharma Tanger<\/strong>, nous mettons notre expertise et notre r\u00e9seau de pharmacies partenaires au service de vos besoins en m\u00e9dicaments et produits de sant\u00e9. Que vous soyez un particulier ou un professionnel, nos services sont pens\u00e9s pour \u00eatre <strong data-start=\"491\" data-end=\"524\">rapides, fiables et s\u00e9curis\u00e9s<\/strong>.<\/p><hr data-start=\"529\" data-end=\"532\" \/><h3 data-start=\"534\" data-end=\"582\"><strong data-start=\"538\" data-end=\"580\">1\ufe0f\u20e3 Livraison express \u00e0 domicile (B2C)<\/strong><\/h3><p data-start=\"583\" data-end=\"682\">Recevez vos m\u00e9dicaments directement \u00e0 votre domicile, en toute s\u00e9curit\u00e9. Notre service garantit :<\/p><ul data-start=\"683\" data-end=\"940\"><li data-start=\"683\" data-end=\"744\"><p data-start=\"685\" data-end=\"744\"><strong data-start=\"685\" data-end=\"705\">Livraison rapide<\/strong> : moins de 3 heures en zone urbaine.<\/p><\/li><li data-start=\"745\" data-end=\"836\"><p data-start=\"747\" data-end=\"836\"><strong data-start=\"747\" data-end=\"770\">Suivi en temps r\u00e9el<\/strong> : recevez une notification d\u00e8s que votre commande est en route.<\/p><\/li><li data-start=\"837\" data-end=\"940\"><p data-start=\"839\" data-end=\"940\"><strong data-start=\"839\" data-end=\"865\">Discr\u00e9tion et s\u00e9curit\u00e9<\/strong> : vos m\u00e9dicaments sont conditionn\u00e9s et livr\u00e9s de mani\u00e8re confidentielle.<\/p><\/li><\/ul><hr data-start=\"942\" data-end=\"945\" \/><h3 data-start=\"947\" data-end=\"996\"><strong data-start=\"951\" data-end=\"994\">2\ufe0f\u20e3 Solutions pour professionnels (B2B)<\/strong><\/h3><p data-start=\"997\" data-end=\"1074\">Nous proposons des services adapt\u00e9s aux pharmacies, h\u00f4pitaux et cliniques :<\/p><ul data-start=\"1075\" data-end=\"1310\"><li data-start=\"1075\" data-end=\"1150\"><p data-start=\"1077\" data-end=\"1150\"><strong data-start=\"1077\" data-end=\"1111\">Livraison de commandes en gros<\/strong> : optimisez votre approvisionnement.<\/p><\/li><li data-start=\"1151\" data-end=\"1218\"><p data-start=\"1153\" data-end=\"1218\"><strong data-start=\"1153\" data-end=\"1168\">Flexibilit\u00e9<\/strong> : horaires et fr\u00e9quences adapt\u00e9s \u00e0 vos besoins.<\/p><\/li><li data-start=\"1219\" data-end=\"1310\"><p data-start=\"1221\" data-end=\"1310\"><strong data-start=\"1221\" data-end=\"1234\">Fiabilit\u00e9<\/strong> : chaque commande est pr\u00e9par\u00e9e et v\u00e9rifi\u00e9e par des partenaires certifi\u00e9s.<\/p><\/li><\/ul><hr data-start=\"1312\" data-end=\"1315\" \/><h3 data-start=\"1317\" data-end=\"1354\"><strong data-start=\"1321\" data-end=\"1352\">3\ufe0f\u20e3 Gestion des ordonnances<\/strong><\/h3><p data-start=\"1355\" data-end=\"1449\">Simplifiez vos commandes gr\u00e2ce \u00e0 notre syst\u00e8me de <strong data-start=\"1405\" data-end=\"1445\">t\u00e9l\u00e9versement s\u00e9curis\u00e9 d\u2019ordonnances<\/strong> :<\/p><ul data-start=\"1450\" data-end=\"1612\"><li data-start=\"1450\" data-end=\"1497\"><p data-start=\"1452\" data-end=\"1497\">V\u00e9rification par des pharmaciens qualifi\u00e9s.<\/p><\/li><li data-start=\"1498\" data-end=\"1550\"><p data-start=\"1500\" data-end=\"1550\">Pr\u00e9paration rapide pour une livraison imm\u00e9diate.<\/p><\/li><li data-start=\"1551\" data-end=\"1612\"><p data-start=\"1553\" data-end=\"1612\">Suivi complet pour garantir la conformit\u00e9 et la s\u00e9curit\u00e9.<\/p><\/li><\/ul><hr data-start=\"1614\" data-end=\"1617\" \/><h3 data-start=\"1619\" data-end=\"1667\"><strong data-start=\"1623\" data-end=\"1665\">4\ufe0f\u20e3 Produits vari\u00e9s et compl\u00e9mentaires<\/strong><\/h3><p data-start=\"1668\" data-end=\"1714\">Nous proposons une large gamme de produits :<\/p><ul data-start=\"1715\" data-end=\"1864\"><li data-start=\"1715\" data-end=\"1755\"><p data-start=\"1717\" data-end=\"1755\">M\u00e9dicaments g\u00e9n\u00e9riques et de marque.<\/p><\/li><li data-start=\"1756\" data-end=\"1791\"><p data-start=\"1758\" data-end=\"1791\">Produits de sant\u00e9 et bien-\u00eatre.<\/p><\/li><li data-start=\"1792\" data-end=\"1864\"><p data-start=\"1794\" data-end=\"1864\">Mat\u00e9riel m\u00e9dical et accessoires pour particuliers et professionnels.<\/p><\/li><\/ul><hr data-start=\"1866\" data-end=\"1869\" \/><h3 data-start=\"1871\" data-end=\"1919\"><strong data-start=\"1875\" data-end=\"1917\">5\ufe0f\u20e3 Assistance et service client d\u00e9di\u00e9<\/strong><\/h3><p data-start=\"1920\" data-end=\"2048\">Notre \u00e9quipe est \u00e0 votre disposition pour r\u00e9pondre \u00e0 vos questions, suivre vos commandes et r\u00e9soudre vos besoins sp\u00e9cifiques :<\/p><ul data-start=\"2049\" data-end=\"2170\"><li data-start=\"2049\" data-end=\"2099\"><p data-start=\"2051\" data-end=\"2099\">Support t\u00e9l\u00e9phonique et email disponible 7j\/7.<\/p><\/li><li data-start=\"2100\" data-end=\"2170\"><p data-start=\"2102\" data-end=\"2170\">Assistance personnalis\u00e9e pour les entreprises et les particuliers.<\/p><\/li><\/ul><p>We believe that acknowledging your need for mental healthcare is the first step to a happy life. Book an appointment with us and begin your journey of recovery and self-care.<\/p>\t\t\t\t\t\t\t\t<\/div>\n\t\t\t\t<\/div>\n\t\t\t\t<div class=\"elementor-element elementor-element-d296644 elementor-widget elementor-widget-spacer\" data-id=\"d296644\" data-element_type=\"widget\" data-widget_type=\"spacer.default\">\n\t\t\t\t<div class=\"elementor-widget-container\">\n\t\t\t\t\t\t\t<div class=\"elementor-spacer\">\n\t\t\t<div class=\"elementor-spacer-inner\"><\/div>\n\t\t<\/div>\n\t\t\t\t\t\t<\/div>\n\t\t\t\t<\/div>\n\t\t\t\t\t<\/div>\n\t\t<\/div>\n\t\t\t\t<div class=\"elementor-column elementor-col-50 elementor-top-column elementor-element elementor-element-b6ee4e3 elementor-invisible\" data-id=\"b6ee4e3\" data-element_type=\"column\" data-settings=\"{&quot;animation&quot;:&quot;fadeInRight&quot;}\">\n\t\t\t<div class=\"elementor-widget-wrap elementor-element-populated\">\n\t\t\t\t\t\t<div class=\"elementor-element elementor-element-71dc01d elementor-invisible elementor-widget elementor-widget-image\" data-id=\"71dc01d\" data-element_type=\"widget\" data-settings=\"{&quot;_animation&quot;:&quot;fadeInLeft&quot;}\" data-widget_type=\"image.default\">\n\t\t\t\t<div class=\"elementor-widget-container\">\n\t\t\t\t\t\t\t\t\t\t\t\t\t\t\t<img decoding=\"async\" width=\"831\" height=\"926\" src=\"https:\/\/livraisonpharmatanger.com\/wp-content\/uploads\/2024\/03\/9255a754-image.png\" class=\"attachment-full size-full wp-image-43\" alt=\"\" srcset=\"https:\/\/livraisonpharmatanger.com\/wp-content\/uploads\/2024\/03\/9255a754-image.png 831w, https:\/\/livraisonpharmatanger.com\/wp-content\/uploads\/2024\/03\/9255a754-image-269x300.png 269w, https:\/\/livraisonpharmatanger.com\/wp-content\/uploads\/2024\/03\/9255a754-image-768x856.png 768w\" sizes=\"(max-width: 831px) 100vw, 831px\" \/>\t\t\t\t\t\t\t\t\t\t\t\t\t\t\t<\/div>\n\t\t\t\t<\/div>\n\t\t\t\t\t<\/div>\n\t\t<\/div>\n\t\t\t\t\t<\/div>\n\t\t<\/section>\n\t\t\t\t<\/div>\n\t\t","protected":false},"excerpt":{"rendered":"<p>Our Services Nos Services \u2013 Livraison Pharma Tanger Introduction Chez Livraison Pharma Tanger, nous mettons notre expertise et notre r\u00e9seau de pharmacies partenaires au service de vos besoins en m\u00e9dicaments et produits de sant\u00e9. Que vous soyez un particulier ou un professionnel, nos services sont pens\u00e9s pour \u00eatre rapides, fiables et s\u00e9curis\u00e9s. 1\ufe0f\u20e3 Livraison express [&hellip;]<\/p>\n","protected":false},"author":1,"featured_media":0,"parent":0,"menu_order":0,"comment_status":"closed","ping_status":"closed","template":"elementor_header_footer","meta":{"footnotes":""},"class_list":["post-98","page","type-page","status-publish","hentry"],"_hostinger_reach_plugin_has_subscription_block":false,"_hostinger_reach_plugin_is_elementor":false,"_links":{"self":[{"href":"https:\/\/livraisonpharmatanger.com\/home\/wp-json\/wp\/v2\/pages\/98","targetHints":{"allow":["GET"]}}],"collection":[{"href":"https:\/\/livraisonpharmatanger.com\/home\/wp-json\/wp\/v2\/pages"}],"about":[{"href":"https:\/\/livraisonpharmatanger.com\/home\/wp-json\/wp\/v2\/types\/page"}],"author":[{"embeddable":true,"href":"https:\/\/livraisonpharmatanger.com\/home\/wp-json\/wp\/v2\/users\/1"}],"replies":[{"embeddable":true,"href":"https:\/\/livraisonpharmatanger.com\/home\/wp-json\/wp\/v2\/comments?post=98"}],"version-history":[{"count":7,"href":"https:\/\/livraisonpharmatanger.com\/home\/wp-json\/wp\/v2\/pages\/98\/revisions"}],"predecessor-version":[{"id":215,"href":"https:\/\/livraisonpharmatanger.com\/home\/wp-json\/wp\/v2\/pages\/98\/revisions\/215"}],"wp:attachment":[{"href":"https:\/\/livraisonpharmatanger.com\/home\/wp-json\/wp\/v2\/media?parent=98"}],"curies":[{"name":"wp","href":"https:\/\/api.w.org\/{rel}","templated":true}]}}